{"id":45554,"date":"2026-02-06T14:00:32","date_gmt":"2026-02-06T17:00:32","guid":{"rendered":"https:\/\/shop.pmgacademy.com\/?post_type=product&#038;p=45554"},"modified":"2026-02-23T16:41:38","modified_gmt":"2026-02-23T19:41:38","slug":"course-and-exam-itil-version-5-foundation-axelos-valid-for-1-year","status":"publish","type":"product","link":"https:\/\/sandbox.institutopmg.com\/pt-br\/produto\/course-and-exam-itil-version-5-foundation-axelos-valid-for-1-year\/","title":{"rendered":"Course and Exam ITIL\u00ae version 5 Foundation \u2013 Axelos (valid for 1 year)"},"content":{"rendered":"<h1><a href=\"https:\/\/sandbox.institutopmg.com\/wp-content\/uploads\/2019\/11\/ITIL_ATO.png\"><img decoding=\"async\" class=\"alignnone size-medium wp-image-59778\" src=\"https:\/\/sandbox.institutopmg.com\/wp-content\/uploads\/2019\/11\/ITIL_ATO-300x116.png\" alt=\"\" width=\"300\" height=\"116\" \/><\/a><\/h1>\n<h1><b>Course and Exam ITIL\u00ae version 5 Foundation (ITIL5F)<\/b><\/h1>\n<h5>Por determina\u00e7\u00e3o da Axelos, o exame faz parte do pacote do curso online, ou seja, n\u00e3o \u00e9 mais poss\u00edvel comprar apenas o curso. Por favor, n\u00e3o insista, pois todos os ATOs (Accredited Training Organisations) do mundo s\u00f3 podem comercializar o curso e o exame juntos, ou somente o exame.<\/h5>\n<h5>Confira o pre\u00e7o do Exame ITIL version 5 Foundation que ser\u00e1 incluso no carrinho.<\/h5>\n<h3><span style=\"color: #ff0000;\"><b>Retake!<\/b><\/span><\/h3>\n<p>Caso deseje adquirir a op\u00e7\u00e3o de rateke, ou seja, garantir uma segunda-chance caso seja reprovado, acesse o nosso FAQ para obter maiores detalhes:\u00a0<a href=\"https:\/\/www.pmgacademy.com\/kb\/se-eu-nao-passar-no-exame-posso-fazer-novamente\/\" target=\"_blank\" rel=\"noopener noreferrer\">https:\/\/www.pmgacademy.com\/kb\/se-eu-nao-passar-no-exame-posso-fazer-novamente\/<\/a><\/p>\n<p align=\"left\">Curso ITIL\u00ae version 5 Foundation \u00e9 Oficial, Credenciado e Homologado pela Peoplecert e Axelos. Esta certifica\u00e7\u00e3o destina-se a apresentar aos candidatos o gerenciamento de servi\u00e7os orientado aos modernos recursos de TI.<\/p>\n<p>&nbsp;<\/p>\n","protected":false},"excerpt":{"rendered":"<p>Course and Exam ITIL\u00ae version 5 Foundation (ITIL5F) Por determina\u00e7\u00e3o da Axelos, o exame faz parte do pacote do curso online, ou seja, n\u00e3o \u00e9 mais poss\u00edvel comprar apenas o curso. Por favor, n\u00e3o insista, pois todos os ATOs (Accredited Training Organisations) do mundo s\u00f3 podem comercializar o curso e o exame juntos, ou somente [&hellip;]<\/p>\n","protected":false},"featured_media":28941,"template":"","meta":{"site-sidebar-layout":"default","site-content-layout":"","ast-site-content-layout":"default","site-content-style":"default","site-sidebar-style":"default","ast-global-header-display":"","ast-banner-title-visibility":"","ast-main-header-display":"","ast-hfb-above-header-display":"","ast-hfb-below-header-display":"","ast-hfb-mobile-header-display":"","site-post-title":"","ast-breadcrumbs-content":"","ast-featured-img":"","footer-sml-layout":"","ast-disable-related-posts":"","theme-transparent-header-meta":"default","adv-header-id-meta":"","stick-header-meta":"","header-above-stick-meta":"","header-main-stick-meta":"","header-below-stick-meta":"","astra-migrate-meta-layouts":"set","ast-page-background-enabled":"default","ast-page-background-meta":{"desktop":{"background-color":"var(--ast-global-color-4)","background-image":"","background-repeat":"repeat","background-position":"center center","background-size":"auto","background-attachment":"scroll","background-type":"","background-media":"","overlay-type":"","overlay-color":"","overlay-opacity":"","overlay-gradient":""},"tablet":{"background-color":"","background-image":"","background-repeat":"repeat","background-position":"center center","background-size":"auto","background-attachment":"scroll","background-type":"","background-media":"","overlay-type":"","overlay-color":"","overlay-opacity":"","overlay-gradient":""},"mobile":{"background-color":"","background-image":"","background-repeat":"repeat","background-position":"center center","background-size":"auto","background-attachment":"scroll","background-type":"","background-media":"","overlay-type":"","overlay-color":"","overlay-opacity":"","overlay-gradient":""}},"ast-content-background-meta":{"desktop":{"background-color":"var(--ast-global-color-5)","background-image":"","background-repeat":"repeat","background-position":"center center","background-size":"auto","background-attachment":"scroll","background-type":"","background-media":"","overlay-type":"","overlay-color":"","overlay-opacity":"","overlay-gradient":""},"tablet":{"background-color":"var(--ast-global-color-5)","background-image":"","background-repeat":"repeat","background-position":"center center","background-size":"auto","background-attachment":"scroll","background-type":"","background-media":"","overlay-type":"","overlay-color":"","overlay-opacity":"","overlay-gradient":""},"mobile":{"background-color":"var(--ast-global-color-5)","background-image":"","background-repeat":"repeat","background-position":"center center","background-size":"auto","background-attachment":"scroll","background-type":"","background-media":"","overlay-type":"","overlay-color":"","overlay-opacity":"","overlay-gradient":""}}},"product_brand":[],"product_cat":[109],"product_tag":[],"class_list":{"0":"post-45554","1":"product","2":"type-product","3":"status-publish","4":"has-post-thumbnail","6":"product_cat-curso-individual","7":"desktop-align-left","8":"tablet-align-left","9":"mobile-align-left","11":"first","12":"instock","13":"sale","14":"virtual","15":"sold-individually","16":"purchasable","17":"product-type-simple"},"bundled_by":[],"bundle_stock_status":"instock","bundle_stock_quantity":null,"bundle_virtual":false,"bundle_layout":"","bundle_add_to_cart_form_location":"","bundle_editable_in_cart":false,"bundle_sold_individually_context":"","bundle_item_grouping":"","bundle_min_size":"","bundle_max_size":"","bundle_price":[],"bundled_items":[],"bundle_sell_ids":[],"_links":{"self":[{"href":"https:\/\/sandbox.institutopmg.com\/pt-br\/wp-json\/wp\/v2\/product\/45554","targetHints":{"allow":["GET"]}}],"collection":[{"href":"https:\/\/sandbox.institutopmg.com\/pt-br\/wp-json\/wp\/v2\/product"}],"about":[{"href":"https:\/\/sandbox.institutopmg.com\/pt-br\/wp-json\/wp\/v2\/types\/product"}],"wp:featuredmedia":[{"embeddable":true,"href":"https:\/\/sandbox.institutopmg.com\/pt-br\/wp-json\/wp\/v2\/media\/28941"}],"wp:attachment":[{"href":"https:\/\/sandbox.institutopmg.com\/pt-br\/wp-json\/wp\/v2\/media?parent=45554"}],"wp:term":[{"taxonomy":"product_brand","embeddable":true,"href":"https:\/\/sandbox.institutopmg.com\/pt-br\/wp-json\/wp\/v2\/product_brand?post=45554"},{"taxonomy":"product_cat","embeddable":true,"href":"https:\/\/sandbox.institutopmg.com\/pt-br\/wp-json\/wp\/v2\/product_cat?post=45554"},{"taxonomy":"product_tag","embeddable":true,"href":"https:\/\/sandbox.institutopmg.com\/pt-br\/wp-json\/wp\/v2\/product_tag?post=45554"}],"curies":[{"name":"wp","href":"https:\/\/api.w.org\/{rel}","templated":true}]}}